{"id":2467,"date":"2024-05-17T17:25:01","date_gmt":"2024-05-17T20:25:01","guid":{"rendered":"https:\/\/www.vivacaresaude.com\/?page_id=2467"},"modified":"2024-05-17T17:29:07","modified_gmt":"2024-05-17T20:29:07","slug":"termos-de-servico","status":"publish","type":"page","link":"https:\/\/www.vivacaresaude.com\/en\/termos-de-servico\/","title":{"rendered":"Termos de Servi\u00e7o"},"content":{"rendered":"<div data-elementor-type=\"wp-page\" data-elementor-id=\"2467\" class=\"elementor elementor-2467\" data-elementor-post-type=\"page\">\n\t\t\t\t\t\t<section class=\"elementor-section elementor-top-section elementor-element elementor-element-fbb61f9 section-contato elementor-section-boxed elementor-section-height-default elementor-section-height-default\" data-id=\"fbb61f9\" data-element_type=\"section\">\n\t\t\t\t\t\t<div class=\"elementor-container elementor-column-gap-default\">\n\t\t\t\t\t<div class=\"elementor-column elementor-col-100 elementor-top-column elementor-element elementor-element-474270d\" data-id=\"474270d\" data-element_type=\"column\" data-settings=\"{&quot;background_background&quot;:&quot;classic&quot;}\">\n\t\t\t<div class=\"elementor-widget-wrap elementor-element-populated\">\n\t\t\t\t\t\t<div class=\"elementor-element elementor-element-997ab54 elementor-widget elementor-widget-heading\" data-id=\"997ab54\" data-element_type=\"widget\" data-widget_type=\"heading.default\">\n\t\t\t\t<div class=\"elementor-widget-container\">\n\t\t\t\t\t<h1 class=\"elementor-heading-title elementor-size-default\">Termos de Servi\u00e7o<\/h1>\t\t\t\t<\/div>\n\t\t\t\t<\/div>\n\t\t\t\t<div class=\"elementor-element elementor-element-425f8b7 elementor-widget elementor-widget-text-editor\" data-id=\"425f8b7\" data-element_type=\"widget\" data-widget_type=\"text-editor.default\">\n\t\t\t\t<div class=\"elementor-widget-container\">\n\t\t\t\t\t\t\t\t\t<p><span style=\"font-weight: 400;\">Se voc\u00ea contratou um dos planos da Viva Care, e deseja cancel\u00e1-lo, veja como \u00e9 simples.<\/span><\/p><ul><li style=\"font-weight: 400;\" aria-level=\"1\"><span style=\"font-weight: 400;\">O cancelamento da subscri\u00e7\u00e3o, sem o efetivo uso do plano, poder\u00e1 ser realizado a qualquer momento, sem multas, e o reembolso ser\u00e1 realizado em at\u00e9 30 dias. Envie a sua solicita\u00e7\u00e3o para <\/span><span style=\"font-weight: 400;\"><a href=\"mailto:cancelamento@vivacaresaude.com\">cancelamento@vivacaresaude.com<\/a>.<\/span><\/li><\/ul><ul><li style=\"font-weight: 400;\" aria-level=\"1\"><span style=\"font-weight: 400;\">J\u00e1 o cancelamento da subscri\u00e7\u00e3o de planos j\u00e1 utilizados, deve ser solicitado para o e-mail: <\/span><span style=\"font-weight: 400;\">cancelamento@vivacaresaude.com<\/span><span style=\"font-weight: 400;\">. Confira as regras de cancelamento para cada tipo de plano:<\/span><\/li><\/ul><p><span style=\"font-weight: 400;\">1) Planos com pagamentos mensais -&gt; os valores a vencer deixar\u00e3o de ser cobrados mensalmente.<\/span><\/p><p><span style=\"font-weight: 400;\">\u00a02) Planos com pagamentos anuais -&gt; o valor a ser ressarcido ser\u00e1 correspondente aos meses restantes do uso do plano, menos o m\u00eas da solicita\u00e7\u00e3o do cancelamento. Assim, se o plano anual custa USD 144.94, e faltam 5 meses para fechar o ano de atendimento contratado, voc\u00ea receber\u00e1 o valor correspondente a 4 meses, ou seja, USD 48.31.<\/span><\/p>\t\t\t\t\t\t\t\t<\/div>\n\t\t\t\t<\/div>\n\t\t\t\t\t<\/div>\n\t\t<\/div>\n\t\t\t\t\t<\/div>\n\t\t<\/section>\n\t\t\t\t<\/div>","protected":false},"excerpt":{"rendered":"<p>Se voc\u00ea contratou um dos planos da Viva Care, e deseja cancel\u00e1-lo, veja como \u00e9 simples. O cancelamento da subscri\u00e7\u00e3o, sem o efetivo uso do plano, poder\u00e1 ser realizado a qualquer momento, sem multas, e o reembolso ser\u00e1 realizado em at\u00e9 30 dias. Envie a sua solicita\u00e7\u00e3o para cancelamento@vivacaresaude.com. J\u00e1 o cancelamento da subscri\u00e7\u00e3o de [&hellip;]<\/p>\n","protected":false},"author":1,"featured_media":0,"parent":0,"menu_order":0,"comment_status":"closed","ping_status":"open","template":"","meta":{"footnotes":""},"class_list":["post-2467","page","type-page","status-publish","hentry"],"yoast_head":"<!-- This site is optimized with the Yoast SEO plugin v27.4 - https:\/\/yoast.com\/product\/yoast-seo-wordpress\/ -->\n<title>Terms of Service | Viva Care Telemedicine | Hollywood, FL<\/title>\n<meta name=\"description\" content=\"Leia os nossos Termos de Servi\u00e7o. Viva Care Telemedicina - Consulta online com m\u00e9dicos brasileiros.\" \/>\n<meta name=\"robots\" content=\"index, follow, max-snippet:-1, max-image-preview:large, max-video-preview:-1\" \/>\n<link rel=\"canonical\" href=\"https:\/\/www.vivacaresaude.com\/en\/termos-de-servico\/\" \/>\n<meta property=\"og:locale\" content=\"en_US\" \/>\n<meta property=\"og:type\" content=\"article\" \/>\n<meta property=\"og:title\" content=\"Terms of Service | Viva Care Telemedicine | Hollywood, FL\" \/>\n<meta property=\"og:description\" content=\"Leia os nossos Termos de Servi\u00e7o. Viva Care Telemedicina - Consulta online com m\u00e9dicos brasileiros.\" \/>\n<meta property=\"og:url\" content=\"https:\/\/www.vivacaresaude.com\/en\/termos-de-servico\/\" \/>\n<meta property=\"og:site_name\" content=\"Viva Care\" \/>\n<meta property=\"article:modified_time\" content=\"2024-05-17T20:29:07+00:00\" \/>\n<meta name=\"twitter:card\" content=\"summary_large_image\" \/>\n<meta name=\"twitter:label1\" content=\"Est. reading time\" \/>\n\t<meta name=\"twitter:data1\" content=\"1 minute\" \/>\n<script type=\"application\/ld+json\" class=\"yoast-schema-graph\">{\"@context\":\"https:\\\/\\\/schema.org\",\"@graph\":[{\"@type\":\"WebPage\",\"@id\":\"https:\\\/\\\/www.vivacaresaude.com\\\/termos-de-servico\\\/\",\"url\":\"https:\\\/\\\/www.vivacaresaude.com\\\/termos-de-servico\\\/\",\"name\":\"Terms of Service | Viva Care Telemedicine | Hollywood, FL\",\"isPartOf\":{\"@id\":\"https:\\\/\\\/www.vivacaresaude.com\\\/#website\"},\"datePublished\":\"2024-05-17T20:25:01+00:00\",\"dateModified\":\"2024-05-17T20:29:07+00:00\",\"description\":\"Leia os nossos Termos de Servi\u00e7o. Viva Care Telemedicina - Consulta online com m\u00e9dicos brasileiros.\",\"breadcrumb\":{\"@id\":\"https:\\\/\\\/www.vivacaresaude.com\\\/termos-de-servico\\\/#breadcrumb\"},\"inLanguage\":\"en-US\",\"potentialAction\":[{\"@type\":\"ReadAction\",\"target\":[\"https:\\\/\\\/www.vivacaresaude.com\\\/termos-de-servico\\\/\"]}]},{\"@type\":\"BreadcrumbList\",\"@id\":\"https:\\\/\\\/www.vivacaresaude.com\\\/termos-de-servico\\\/#breadcrumb\",\"itemListElement\":[{\"@type\":\"ListItem\",\"position\":1,\"name\":\"In\u00edcio\",\"item\":\"https:\\\/\\\/www.vivacaresaude.com\\\/\"},{\"@type\":\"ListItem\",\"position\":2,\"name\":\"Termos de Servi\u00e7o\"}]},{\"@type\":\"WebSite\",\"@id\":\"https:\\\/\\\/www.vivacaresaude.com\\\/#website\",\"url\":\"https:\\\/\\\/www.vivacaresaude.com\\\/\",\"name\":\"Viva Care\",\"description\":\"Cuidado, preven\u00e7\u00e3o, sa\u00fade e bem-estar\",\"publisher\":{\"@id\":\"https:\\\/\\\/www.vivacaresaude.com\\\/#organization\"},\"potentialAction\":[{\"@type\":\"SearchAction\",\"target\":{\"@type\":\"EntryPoint\",\"urlTemplate\":\"https:\\\/\\\/www.vivacaresaude.com\\\/?s={search_term_string}\"},\"query-input\":{\"@type\":\"PropertyValueSpecification\",\"valueRequired\":true,\"valueName\":\"search_term_string\"}}],\"inLanguage\":\"en-US\"},{\"@type\":\"Organization\",\"@id\":\"https:\\\/\\\/www.vivacaresaude.com\\\/#organization\",\"name\":\"Viva Care\",\"url\":\"https:\\\/\\\/www.vivacaresaude.com\\\/\",\"logo\":{\"@type\":\"ImageObject\",\"inLanguage\":\"en-US\",\"@id\":\"https:\\\/\\\/www.vivacaresaude.com\\\/#\\\/schema\\\/logo\\\/image\\\/\",\"url\":\"https:\\\/\\\/www.vivacaresaude.com\\\/wp-content\\\/uploads\\\/2023\\\/09\\\/logo.svg\",\"contentUrl\":\"https:\\\/\\\/www.vivacaresaude.com\\\/wp-content\\\/uploads\\\/2023\\\/09\\\/logo.svg\",\"width\":198,\"height\":25,\"caption\":\"Viva Care\"},\"image\":{\"@id\":\"https:\\\/\\\/www.vivacaresaude.com\\\/#\\\/schema\\\/logo\\\/image\\\/\"},\"sameAs\":[\"https:\\\/\\\/www.instagram.com\\\/vivacaresaude\\\/\"]}]}<\/script>\n<!-- \/ Yoast SEO plugin. -->","yoast_head_json":{"title":"Terms of Service | Viva Care Telemedicine | Hollywood, FL","description":"Leia os nossos Termos de Servi\u00e7o. Viva Care Telemedicina - Consulta online com m\u00e9dicos brasileiros.","robots":{"index":"index","follow":"follow","max-snippet":"max-snippet:-1","max-image-preview":"max-image-preview:large","max-video-preview":"max-video-preview:-1"},"canonical":"https:\/\/www.vivacaresaude.com\/en\/termos-de-servico\/","og_locale":"en_US","og_type":"article","og_title":"Terms of Service | Viva Care Telemedicine | Hollywood, FL","og_description":"Leia os nossos Termos de Servi\u00e7o. Viva Care Telemedicina - Consulta online com m\u00e9dicos brasileiros.","og_url":"https:\/\/www.vivacaresaude.com\/en\/termos-de-servico\/","og_site_name":"Viva Care","article_modified_time":"2024-05-17T20:29:07+00:00","twitter_card":"summary_large_image","twitter_misc":{"Est. reading time":"1 minute"},"schema":{"@context":"https:\/\/schema.org","@graph":[{"@type":"WebPage","@id":"https:\/\/www.vivacaresaude.com\/termos-de-servico\/","url":"https:\/\/www.vivacaresaude.com\/termos-de-servico\/","name":"Terms of Service | Viva Care Telemedicine | Hollywood, FL","isPartOf":{"@id":"https:\/\/www.vivacaresaude.com\/#website"},"datePublished":"2024-05-17T20:25:01+00:00","dateModified":"2024-05-17T20:29:07+00:00","description":"Leia os nossos Termos de Servi\u00e7o. Viva Care Telemedicina - Consulta online com m\u00e9dicos brasileiros.","breadcrumb":{"@id":"https:\/\/www.vivacaresaude.com\/termos-de-servico\/#breadcrumb"},"inLanguage":"en-US","potentialAction":[{"@type":"ReadAction","target":["https:\/\/www.vivacaresaude.com\/termos-de-servico\/"]}]},{"@type":"BreadcrumbList","@id":"https:\/\/www.vivacaresaude.com\/termos-de-servico\/#breadcrumb","itemListElement":[{"@type":"ListItem","position":1,"name":"In\u00edcio","item":"https:\/\/www.vivacaresaude.com\/"},{"@type":"ListItem","position":2,"name":"Termos de Servi\u00e7o"}]},{"@type":"WebSite","@id":"https:\/\/www.vivacaresaude.com\/#website","url":"https:\/\/www.vivacaresaude.com\/","name":"Viva Care","description":"Cuidado, preven\u00e7\u00e3o, sa\u00fade e bem-estar","publisher":{"@id":"https:\/\/www.vivacaresaude.com\/#organization"},"potentialAction":[{"@type":"SearchAction","target":{"@type":"EntryPoint","urlTemplate":"https:\/\/www.vivacaresaude.com\/?s={search_term_string}"},"query-input":{"@type":"PropertyValueSpecification","valueRequired":true,"valueName":"search_term_string"}}],"inLanguage":"en-US"},{"@type":"Organization","@id":"https:\/\/www.vivacaresaude.com\/#organization","name":"Viva Care","url":"https:\/\/www.vivacaresaude.com\/","logo":{"@type":"ImageObject","inLanguage":"en-US","@id":"https:\/\/www.vivacaresaude.com\/#\/schema\/logo\/image\/","url":"https:\/\/www.vivacaresaude.com\/wp-content\/uploads\/2023\/09\/logo.svg","contentUrl":"https:\/\/www.vivacaresaude.com\/wp-content\/uploads\/2023\/09\/logo.svg","width":198,"height":25,"caption":"Viva Care"},"image":{"@id":"https:\/\/www.vivacaresaude.com\/#\/schema\/logo\/image\/"},"sameAs":["https:\/\/www.instagram.com\/vivacaresaude\/"]}]}},"jetpack_sharing_enabled":true,"_links":{"self":[{"href":"https:\/\/www.vivacaresaude.com\/en\/wp-json\/wp\/v2\/pages\/2467","targetHints":{"allow":["GET"]}}],"collection":[{"href":"https:\/\/www.vivacaresaude.com\/en\/wp-json\/wp\/v2\/pages"}],"about":[{"href":"https:\/\/www.vivacaresaude.com\/en\/wp-json\/wp\/v2\/types\/page"}],"author":[{"embeddable":true,"href":"https:\/\/www.vivacaresaude.com\/en\/wp-json\/wp\/v2\/users\/1"}],"replies":[{"embeddable":true,"href":"https:\/\/www.vivacaresaude.com\/en\/wp-json\/wp\/v2\/comments?post=2467"}],"version-history":[{"count":16,"href":"https:\/\/www.vivacaresaude.com\/en\/wp-json\/wp\/v2\/pages\/2467\/revisions"}],"predecessor-version":[{"id":2485,"href":"https:\/\/www.vivacaresaude.com\/en\/wp-json\/wp\/v2\/pages\/2467\/revisions\/2485"}],"wp:attachment":[{"href":"https:\/\/www.vivacaresaude.com\/en\/wp-json\/wp\/v2\/media?parent=2467"}],"curies":[{"name":"wp","href":"https:\/\/api.w.org\/{rel}","templated":true}]}}